{"id":542,"date":"2020-07-07T14:19:20","date_gmt":"2020-07-07T14:19:20","guid":{"rendered":"https:\/\/mtvittoria.it\/?page_id=542"},"modified":"2020-07-31T12:56:12","modified_gmt":"2020-07-31T12:56:12","slug":"sostenibilita-e-innovazione","status":"publish","type":"page","link":"https:\/\/mtvittoria.it\/en\/sostenibilita-e-innovazione\/","title":{"rendered":"Sustainability  and Innovation"},"content":{"rendered":"<h1>\n\t\tSustainability  and Innovation\n\t<\/h1>\n\t\t<h1>\n\t\t\tCodice etico &#8211; i nostri valori\n\t\t<\/h1>\n\t\t\t<p>Le risorse umane rappresentano un valore indispensabile e prezioso per l\u2019esistenza e l\u2019evoluzione della nostra azienda. Ci impegniamo, infatti, a sviluppare le capacit\u00e0 e le competenze professionali del singolo lavoratore, offrendogli opportunit\u00e0 di crescita attraverso attivit\u00e0 di formazione e di aggiornamento.Il nostro \u00e8 un \u201cpensare sostenibile\u201d coerente ed omogeneo.<\/p>\t\t\n\t\t\t\t<img loading=\"lazy\" src=\"https:\/\/mtvittoria.it\/wp-content\/uploads\/2020\/07\/manifatture-tessili-vittoria-001-5.jpg\" alt=\"manifatture-tessili-vittoria-001\" itemprop=\"image\" height=\"1661\" width=\"2500\" title=\"manifatture-tessili-vittoria-001\" onerror=\"this.style.display='none'\"  \/>\n\t\t<h1>\n\t\t\tSocial sustainability\n\t\t<\/h1>\n\t\t\t<p>We totally embrace sustainable employment policy, also applying it to the human resources management sys-tem. We work to preserve the health and safety of workers by encouraging full and profitable employment.<\/p>\t\t\n\t\t\t\t<img loading=\"lazy\" src=\"https:\/\/mtvittoria.it\/wp-content\/uploads\/2020\/07\/manifatture-tessili-vittoria-001-6.jpg\" alt=\"manifatture-tessili-vittoria-001\" itemprop=\"image\" height=\"1664\" width=\"2500\" title=\"manifatture-tessili-vittoria-001\" onerror=\"this.style.display='none'\"  \/>\n\t\t<h1>\n\t\t\tEnvironmental sustainability\n\t\t<\/h1>\n\t\t\t<p>The company acts scrupulously in compliance with applicable environmental protection laws, promoting pro-duction policies focused on sustainability, an important key to further growth. It has therefore adopted ener-gy efficient technologies, investing in the installation of photovoltaics, which is able to meet our energy needs.<\/p>\t\t\n\t\t\t\t<img loading=\"lazy\" src=\"https:\/\/mtvittoria.it\/wp-content\/uploads\/2020\/07\/manifatture-tessili-vittoria-001-7.jpg\" alt=\"manifatture-tessili-vittoria-001\" itemprop=\"image\" height=\"1664\" width=\"2500\" title=\"manifatture-tessili-vittoria-001\" onerror=\"this.style.display='none'\"  \/>\n\t\t<h1>\n\t\t\tIntegrated digital systems<br>3D CAD software\n\t\t<\/h1>\n\t\t\t<p>We have invested in digital systems applied to production, specifically 3D CAD software, which allows us to provide increasingly precise, detailed and personalised inputs. A precious resource for the accurate and effec-tive presentation of our product, in line with the different needs of each customer. The reduction of produc-tion costs and delivery times is linked to the optimisation of energy consumption, raw materials and produc-tion waste.<\/p>\t\t\n\t\t\t\t<img loading=\"lazy\" src=\"https:\/\/mtvittoria.it\/wp-content\/uploads\/2020\/07\/manifatture-tessili-vittoria-001-8.jpg\" alt=\"manifatture-tessili-vittoria-001\" itemprop=\"image\" height=\"1664\" width=\"2500\" title=\"manifatture-tessili-vittoria-001\" onerror=\"this.style.display='none'\"  \/>\n\t\t<h1>\n\t\t\tLatest generation machinery\n\t\t<\/h1>\n\t\t\t<p>Vittoria Textile Manufacturing, whose production is founded on a vertical and flexible process, boasts an im-portant position on the reference market. With its weaving department, equipped with latest generation ma-chinery and continuously updated, it is able to meet the multiple requests and demands of the global market with versatility and speed, investing in today\u2019s technologies with significant energy savings. In fact, it has the new Karl Mayer warping machine which guarantees a high level of productivity in a short time and without wasting yarn.<\/p>\t\t\n\t\t\t\t<img loading=\"lazy\" src=\"https:\/\/mtvittoria.it\/wp-content\/uploads\/2020\/07\/manifatture-tessili-vittoria-001-9.jpg\" alt=\"manifatture-tessili-vittoria-001\" itemprop=\"image\" height=\"1664\" width=\"2500\" title=\"manifatture-tessili-vittoria-001\" onerror=\"this.style.display='none'\"  \/>\n\t\t<h1>\n\t\t\tPartners\n\t\t<\/h1>\n\t\t\t<p>We are inspired by the values of sustainability in carrying out all company activities and we work to apply and respect the highest ethical, environmental and quality standards. Therefore we believe in developing relation-ships with business partners based on respect, trust and above all on the basis of shared principles.<\/p>\t\t\n\t\t\t\t<img loading=\"lazy\" src=\"https:\/\/mtvittoria.it\/wp-content\/uploads\/2020\/07\/manifatture-tessili-vittoria-001-1-1.jpg\" alt=\"manifatture-tessili-vittoria-001 (1)\" itemprop=\"image\" height=\"1664\" width=\"2500\" title=\"manifatture-tessili-vittoria-001 (1)\" onerror=\"this.style.display='none'\"  \/>","protected":false},"excerpt":{"rendered":"<p>Sostenibilit\u00e0 e innovazione Codice etico &#8211; i nostri valori Le risorse umane rappresentano un valore indispensabile e prezioso per l\u2019esistenza e l\u2019evoluzione della nostra azienda. Ci impegniamo, infatti, a sviluppare le capacit\u00e0 e le competenze professionali del singolo lavoratore, offrendogli opportunit\u00e0 di crescita attraverso attivit\u00e0 di formazione e di aggiornamento.Il nostro \u00e8 un \u201cpensare sostenibile\u201d&hellip;<\/p>","protected":false},"author":1,"featured_media":0,"parent":0,"menu_order":0,"comment_status":"closed","ping_status":"closed","template":"","meta":[],"_links":{"self":[{"href":"https:\/\/mtvittoria.it\/en\/wp-json\/wp\/v2\/pages\/542"}],"collection":[{"href":"https:\/\/mtvittoria.it\/en\/wp-json\/wp\/v2\/pages"}],"about":[{"href":"https:\/\/mtvittoria.it\/en\/wp-json\/wp\/v2\/types\/page"}],"author":[{"embeddable":true,"href":"https:\/\/mtvittoria.it\/en\/wp-json\/wp\/v2\/users\/1"}],"replies":[{"embeddable":true,"href":"https:\/\/mtvittoria.it\/en\/wp-json\/wp\/v2\/comments?post=542"}],"version-history":[{"count":0,"href":"https:\/\/mtvittoria.it\/en\/wp-json\/wp\/v2\/pages\/542\/revisions"}],"wp:attachment":[{"href":"https:\/\/mtvittoria.it\/en\/wp-json\/wp\/v2\/media?parent=542"}],"curies":[{"name":"wp","href":"https:\/\/api.w.org\/{rel}","templated":true}]}}